{"id":783,"date":"2024-07-30T17:59:18","date_gmt":"2024-07-30T15:59:18","guid":{"rendered":"https:\/\/www.renehagmann.ch\/la-legende\/"},"modified":"2025-11-03T17:34:37","modified_gmt":"2025-11-03T16:34:37","slug":"la-legende","status":"publish","type":"page","link":"https:\/\/www.renehagmann.ch\/en\/","title":{"rendered":"The legend"},"content":{"rendered":"<div class=\"wpb-content-wrapper\"><p>[vc_section disable_element=&#8221;yes&#8221;][vc_row equal_height=&#8221;yes&#8221; content_placement=&#8221;middle&#8221;][vc_column]<div class=\"wpb_content_element \"><style type=\"text\/css\">#ut_header_6a092e9496dfe h2.section-title { font-size:18px !important;letter-spacing:0.1em; }#ut_header_6a092e9496dfe h2.section-title { margin-bottom:5px; }<\/style><header id=\"ut_header_6a092e9496dfe\" class=\"section-header  ut-no-title-linebreak-mobile ut-no-lead-linebreak-mobile pt-style-7 header-center header-tablet-center header-mobile-center\"><h2 data-title=\"1er PRIX DE l\u2019ARTISANAT\"  data-responsive-font=\"section_title\" data-responsive-font-settings=\"{&quot;base-font-size&quot;:&quot;global&quot;,&quot;font-size&quot;:{&quot;desktop_large&quot;:&quot;18&quot;},&quot;base-line-height&quot;:&quot;global&quot;,&quot;base-letter-spacing&quot;:&quot;global&quot;,&quot;letter-spacing&quot;:{&quot;desktop_large&quot;:&quot;0.1&quot;}}\" class=\"section-title  \"><span>1er PRIX DE l\u2019ARTISANAT<\/span><\/h2><div data-delay=\"0\" class=\"lead \"><p>GEN\u00c8VE 2009<\/p>\n<\/div><\/header><\/div>[vc_column_text css=&#8221;&#8221;]<\/p>\n<p style=\"text-align: justify;\">Le Prix de l\u2019Artisanat fut cr\u00e9\u00e9 en 1991, pour mettre en \u00e9vidence la richesse et la diversit\u00e9 de l\u2019artisanat genevois. D\u00e9cern\u00e9, depuis 1995, sous l\u2019\u00e9gide de l\u2019Association des Communes Genevoises, il est le pendant du Prix de l\u2019Industrie, attribu\u00e9 par l\u2019Etat de Gen\u00e8ve. Le laur\u00e9at est d\u00e9sign\u00e9 par un jury de professionnels qui se r\u00e9unissent plusieurs fois par ann\u00e9e. Il prend en compte, outre les qualit\u00e9s du travail du laur\u00e9at, son engagement pour la formation de la rel\u00e8ve et la transmission de son savoir-faire.<\/p>\n<p>[\/vc_column_text][\/vc_column][\/vc_row][vc_row equal_height=&#8221;yes&#8221; content_placement=&#8221;middle&#8221;][vc_column width=&#8221;2\/5&#8243;]<div class=\"wpb_content_element \"><style type=\"text\/css\">#ut_vs_6a092e949cd3f.ut-shortcode-video-wrap .ut-video-module-caption-text span { font-weight: bold; }<\/style><div id=\"ut_vs_6a092e949cd3f\" class=\"ut-shortcode-video-wrap  ut-shortcode-video-wrap-tablet- ut-shortcode-video-wrap-mobile- clearfix\" ><div id=\"ut_reveal_6a092e949cd41\"  class=\"ut-video-module \"><div class=\"ut-video-module-caption \"><a class=\"ut-load-video \" data-location=\"lightbox\"  data-video=\"https:\/\/www.youtube.com\/watch?v=Gz6lEWBFqhY\" data-html=\"#ut_vid_6a092e949de1e\" href=\"#\">\r\n        <img loading=\"lazy\" decoding=\"async\" data-adaptive-images=\"{&quot;300&quot;:&quot;https:\\\/\\\/www.renehagmann.ch\\\/wp-content\\\/uploads\\\/2024\\\/07\\\/poster_rhagmann_YT.jpg&quot;,&quot;500&quot;:&quot;https:\\\/\\\/www.renehagmann.ch\\\/wp-content\\\/uploads\\\/2024\\\/07\\\/poster_rhagmann_YT.jpg&quot;,&quot;750&quot;:&quot;https:\\\/\\\/www.renehagmann.ch\\\/wp-content\\\/uploads\\\/2024\\\/07\\\/poster_rhagmann_YT.jpg&quot;,&quot;1000&quot;:&quot;https:\\\/\\\/www.renehagmann.ch\\\/wp-content\\\/uploads\\\/2024\\\/07\\\/poster_rhagmann_YT.jpg&quot;,&quot;1500&quot;:&quot;https:\\\/\\\/www.renehagmann.ch\\\/wp-content\\\/uploads\\\/2024\\\/07\\\/poster_rhagmann_YT.jpg&quot;,&quot;2500&quot;:&quot;https:\\\/\\\/www.renehagmann.ch\\\/wp-content\\\/uploads\\\/2024\\\/07\\\/poster_rhagmann_YT.jpg&quot;}\" src=\"data:image\/svg+xml;charset=utf-8,%3Csvg xmlns%3D&#039;http%3A%2F%2Fwww.w3.org%2F2000%2Fsvg&#039; viewBox%3D&#039;0 0 1524 990&#039;%2F%3E\" width=\"1524\" height=\"990\" data-src=\"https:\/\/www.renehagmann.ch\/wp-content\/uploads\/2024\/07\/poster_rhagmann_YT.jpg\" data-image-id=\"118\" class=\"ut-adaptive-image wp-post-image skip-lazy \">\r\n\r\n        <div class=\"ut-video-module-caption-text\"><div class=\"ut-video-module-inner-caption-text ut-video-module-empty-caption ut-video-module-caption-position-default\"><div class=\"ut-video-module-play-icon \"><i class=\"Bklyn-Core-Right-6\" aria-hidden=\"true\"><\/i><\/div><\/div><\/div><\/a><\/div><div class=\"ut-video-module-loading\"><div class=\"ut-image-gallery-loader\"><div class=\"ut-image-gallery-loader-inner\"><\/div><\/div><\/div><\/div><\/div><\/div>[\/vc_column][vc_column width=&#8221;1\/5&#8243;]<div  class=\"wpb_content_element   clearfix\"><style type=\"text\/css\">#ut_am_6a092e949f07d { opacity: 1; }#ut_am_wrap_6a092e949f07e .ut-image-gallery-item-caption-title h3 { letter-spacing: 0em; }#ut_am_wrap_6a092e949f07e .ut-gallery-slider-caption { font-weight: bold; }#ut_am_wrap_6a092e949f07e { text-align: center; }@media (min-width: 768px) and (max-width: 1024px) { #ut_am_wrap_6a092e949f07e { text-align: center !important; } }@media (max-width: 767px) { #ut_am_wrap_6a092e949f07e { text-align: center !important; } }<\/style><div id=\"ut_am_wrap_6a092e949f07e\" class=\"ut-image-gallery-image \"><div id=\"ut_reveal_6a092e949f07f\"  data-appear-top-offset=\"auto\" class=\"ut-animated-image-item ut-image-gallery-item ut-animation-done \"><a data-exthumbimage=\"https:\/\/www.renehagmann.ch\/wp-content\/uploads\/2024\/08\/article-rene-hagmann-2009-200x200.jpg\" href=\"https:\/\/www.renehagmann.ch\/wp-content\/uploads\/2024\/08\/article-rene-hagmann-2009.jpg\" class=\"ut-vc-images-lightbox ut-wait-for-plugin\" ><div class=\"ut-animated-image-zoom\"><img loading=\"lazy\" decoding=\"async\" class=\"ut-lazy skip-lazy ut-animated-image \"  id=\"ut_am_6a092e949f07d\" src=\"data:image\/svg+xml;charset=utf-8,%3Csvg xmlns%3D'http%3A%2F%2Fwww.w3.org%2F2000%2Fsvg' viewBox%3D'0 0 600 600'%2F%3E\" data-src=\"https:\/\/www.renehagmann.ch\/wp-content\/uploads\/2024\/08\/article-rene-hagmann-2009-600x600.jpg\" width=\"600\" height=\"600\" alt=\"\"\/><\/div><\/a><\/div><\/div><\/div>[\/vc_column][vc_column width=&#8221;1\/5&#8243;]<div  class=\"wpb_content_element   clearfix\"><style type=\"text\/css\">#ut_am_6a092e94a075f { opacity: 1; }#ut_am_wrap_6a092e94a0761 .ut-image-gallery-item-caption-title h3 { letter-spacing: 0em; }#ut_am_wrap_6a092e94a0761 .ut-gallery-slider-caption { font-weight: bold; }#ut_am_wrap_6a092e94a0761 { text-align: center; }@media (min-width: 768px) and (max-width: 1024px) { #ut_am_wrap_6a092e94a0761 { text-align: center !important; } }@media (max-width: 767px) { #ut_am_wrap_6a092e94a0761 { text-align: center !important; } }<\/style><div id=\"ut_am_wrap_6a092e94a0761\" class=\"ut-image-gallery-image \"><div id=\"ut_reveal_6a092e94a0762\"  data-appear-top-offset=\"auto\" class=\"ut-animated-image-item ut-image-gallery-item ut-animation-done \"><a data-exthumbimage=\"https:\/\/www.renehagmann.ch\/wp-content\/uploads\/2024\/08\/article-TDG-rene-hagmann-2009-200x200.jpg\" href=\"https:\/\/www.renehagmann.ch\/wp-content\/uploads\/2024\/08\/article-TDG-rene-hagmann-2009.jpg\" class=\"ut-vc-images-lightbox ut-wait-for-plugin\" ><div class=\"ut-animated-image-zoom\"><img loading=\"lazy\" decoding=\"async\" class=\"ut-lazy skip-lazy ut-animated-image \"  id=\"ut_am_6a092e94a075f\" src=\"data:image\/svg+xml;charset=utf-8,%3Csvg xmlns%3D'http%3A%2F%2Fwww.w3.org%2F2000%2Fsvg' viewBox%3D'0 0 600 600'%2F%3E\" data-src=\"https:\/\/www.renehagmann.ch\/wp-content\/uploads\/2024\/08\/article-TDG-rene-hagmann-2009-600x600.jpg\" width=\"600\" height=\"600\" alt=\"\"\/><\/div><\/a><\/div><\/div><\/div>[\/vc_column][vc_column width=&#8221;1\/5&#8243;]<div  class=\"wpb_content_element   clearfix\"><style type=\"text\/css\">#ut_am_6a092e94a1dcc { opacity: 1; }#ut_am_wrap_6a092e94a1dcd .ut-image-gallery-item-caption-title h3 { letter-spacing: 0em; }#ut_am_wrap_6a092e94a1dcd .ut-gallery-slider-caption { font-weight: bold; }#ut_am_wrap_6a092e94a1dcd { text-align: center; }@media (min-width: 768px) and (max-width: 1024px) { #ut_am_wrap_6a092e94a1dcd { text-align: center !important; } }@media (max-width: 767px) { #ut_am_wrap_6a092e94a1dcd { text-align: center !important; } }<\/style><div id=\"ut_am_wrap_6a092e94a1dcd\" class=\"ut-image-gallery-image \"><div id=\"ut_reveal_6a092e94a1dce\"  data-appear-top-offset=\"auto\" class=\"ut-animated-image-item ut-image-gallery-item ut-animation-done \"><a data-exthumbimage=\"https:\/\/www.renehagmann.ch\/wp-content\/uploads\/2024\/08\/feuilleavis2009-rene-hagmann-200x200.jpg\" href=\"https:\/\/www.renehagmann.ch\/wp-content\/uploads\/2024\/08\/feuilleavis2009-rene-hagmann.jpg\" class=\"ut-vc-images-lightbox ut-wait-for-plugin\" ><div class=\"ut-animated-image-zoom\"><img loading=\"lazy\" decoding=\"async\" class=\"ut-lazy skip-lazy ut-animated-image \"  id=\"ut_am_6a092e94a1dcc\" src=\"data:image\/svg+xml;charset=utf-8,%3Csvg xmlns%3D'http%3A%2F%2Fwww.w3.org%2F2000%2Fsvg' viewBox%3D'0 0 600 600'%2F%3E\" data-src=\"https:\/\/www.renehagmann.ch\/wp-content\/uploads\/2024\/08\/feuilleavis2009-rene-hagmann-600x600.jpg\" width=\"600\" height=\"600\" alt=\"\"\/><\/div><\/a><\/div><\/div><\/div>[\/vc_column][\/vc_row][\/vc_section]<\/p>\n<\/div>","protected":false},"excerpt":{"rendered":"<p>[vc_section disable_element=&#8221;yes&#8221;][vc_row equal_height=&#8221;yes&#8221; content_placement=&#8221;middle&#8221;][vc_column][vc_column_text css=&#8221;&#8221;] Le Prix de l\u2019Artisanat fut cr\u00e9\u00e9 en 1991, pour mettre en \u00e9vidence la richesse et la diversit\u00e9 de l\u2019artisanat genevois. D\u00e9cern\u00e9, depuis 1995, sous l\u2019\u00e9gide de l\u2019Association des Communes Genevoises, il est le pendant du Prix de l\u2019Industrie, attribu\u00e9 par l\u2019Etat de Gen\u00e8ve. Le laur\u00e9at est d\u00e9sign\u00e9 par un jury [&hellip;]<\/p>\n","protected":false},"author":1,"featured_media":0,"parent":0,"menu_order":0,"comment_status":"closed","ping_status":"closed","template":"","meta":{"_seopress_robots_primary_cat":"","_seopress_titles_title":"","_seopress_titles_desc":"","_seopress_robots_index":"","footnotes":""},"class_list":["post-783","page","type-page","status-publish","hentry"],"_links":{"self":[{"href":"https:\/\/www.renehagmann.ch\/en\/wp-json\/wp\/v2\/pages\/783","targetHints":{"allow":["GET"]}}],"collection":[{"href":"https:\/\/www.renehagmann.ch\/en\/wp-json\/wp\/v2\/pages"}],"about":[{"href":"https:\/\/www.renehagmann.ch\/en\/wp-json\/wp\/v2\/types\/page"}],"author":[{"embeddable":true,"href":"https:\/\/www.renehagmann.ch\/en\/wp-json\/wp\/v2\/users\/1"}],"replies":[{"embeddable":true,"href":"https:\/\/www.renehagmann.ch\/en\/wp-json\/wp\/v2\/comments?post=783"}],"version-history":[{"count":2,"href":"https:\/\/www.renehagmann.ch\/en\/wp-json\/wp\/v2\/pages\/783\/revisions"}],"predecessor-version":[{"id":785,"href":"https:\/\/www.renehagmann.ch\/en\/wp-json\/wp\/v2\/pages\/783\/revisions\/785"}],"wp:attachment":[{"href":"https:\/\/www.renehagmann.ch\/en\/wp-json\/wp\/v2\/media?parent=783"}],"curies":[{"name":"wp","href":"https:\/\/api.w.org\/{rel}","templated":true}]}}