{"id":762,"date":"2024-09-16T19:13:25","date_gmt":"2024-09-16T17:13:25","guid":{"rendered":"https:\/\/www.renehagmann.ch\/customisation\/"},"modified":"2025-10-20T19:06:59","modified_gmt":"2025-10-20T17:06:59","slug":"customization","status":"publish","type":"page","link":"https:\/\/www.renehagmann.ch\/en\/customization\/","title":{"rendered":"Customization"},"content":{"rendered":"<div class=\"wpb-content-wrapper\"><p>[vc_section full_width=&#8221;stretch_row_content&#8221; content_placement=&#8221;middle&#8221; bklyn_overlay=&#8221;true&#8221; bklyn_overlay_pattern=&#8221;true&#8221; bklyn_overlay_pattern_style=&#8221;bklyn-style-two&#8221; parallax=&#8221;content-moving&#8221; background_position=&#8221;center center&#8221; css=&#8221;.vc_custom_1722357098879{background: #000000 url(https:\/\/www.renehagmann.ch\/wp-content\/uploads\/2024\/07\/img-title-ondes-music.jpg?id=45) !important;}&#8221; bklyn_overlay_color=&#8221;rgba(0, 0, 0, 0.5)&#8221;][vc_row][vc_column]<div class=\"wpb_content_element \"><style type=\"text\/css\">#ut_header_6a0934bce0db6 h1.page-title { font-size:18px !important;letter-spacing:0.2em; }<\/style><header id=\"ut_header_6a0934bce0db6\" class=\"page-header page-title-module  ut-no-title-linebreak-mobile ut-no-lead-linebreak-mobile pt-style-7 header-center header-tablet-center header-mobile-center\"><h1 data-title=\"Customization\"  data-responsive-font=\"page_title\" data-responsive-font-settings=\"{&quot;base-font-size&quot;:&quot;global&quot;,&quot;font-size&quot;:{&quot;desktop_large&quot;:&quot;18&quot;},&quot;base-line-height&quot;:&quot;global&quot;,&quot;base-letter-spacing&quot;:&quot;global&quot;,&quot;letter-spacing&quot;:{&quot;desktop_large&quot;:&quot;0.2&quot;}}\" class=\"page-title  \"><span>Customization<\/span><\/h1><\/header><\/div>[\/vc_column][\/vc_row][\/vc_section][vc_section content_placement=&#8221;middle&#8221; parallax=&#8221;content-moving&#8221; parallax_threshold=&#8221;-30&#8243; background_position=&#8221;left center&#8221; hide_bg_tablet=&#8221;true&#8221; hide_bg_mobile=&#8221;true&#8221; css=&#8221;.vc_custom_1726507329114{background-position: center !important;background-repeat: no-repeat !important;background-size: contain !important;}&#8221;][vc_row equal_height=&#8221;yes&#8221; content_placement=&#8221;middle&#8221;][vc_column width=&#8221;1\/3&#8243;]<div  class=\"wpb_content_element   vc_custom_1730828124313 clearfix\"><style type=\"text\/css\">#ut_am_6a0934bce788b { opacity: 1; }#ut_am_wrap_6a0934bce788d .ut-image-gallery-item-caption-title h3 { letter-spacing: 0em; }#ut_am_wrap_6a0934bce788d .ut-gallery-slider-caption { font-weight: bold; }#ut_am_wrap_6a0934bce788d { text-align: center; }@media (min-width: 768px) and (max-width: 1024px) { #ut_am_wrap_6a0934bce788d { text-align: center !important; } }@media (max-width: 767px) { #ut_am_wrap_6a0934bce788d { text-align: center !important; } }<\/style><div id=\"ut_am_wrap_6a0934bce788d\" class=\"ut-image-gallery-image \"><div id=\"ut_reveal_6a0934bce788e\"  data-appear-top-offset=\"auto\" class=\"ut-animated-image-item ut-image-gallery-item ut-animation-done \"><a class=\"ut-deactivated-link\" href=\"#\"><div class=\"ut-animated-image-zoom\"><img loading=\"lazy\" decoding=\"async\" class=\"ut-lazy skip-lazy ut-animated-image \"  id=\"ut_am_6a0934bce788b\" src=\"data:image\/svg+xml;charset=utf-8,%3Csvg xmlns%3D'http%3A%2F%2Fwww.w3.org%2F2000%2Fsvg' viewBox%3D'0 0 1118 1500'%2F%3E\" data-src=\"https:\/\/www.renehagmann.ch\/wp-content\/uploads\/2024\/11\/Claudio2.jpg\" width=\"1118\" height=\"1500\" alt=\"\"\/><\/div><\/a><\/div><\/div><\/div>[\/vc_column][vc_column width=&#8221;2\/3&#8243;]<div class=\"wpb_content_element \"><style type=\"text\/css\">#ut_header_6a0934bce7e95 h2.section-title { font-size:18px !important;letter-spacing:0.1em; }<\/style><header id=\"ut_header_6a0934bce7e95\" class=\"section-header  ut-no-title-linebreak-mobile ut-no-lead-linebreak-mobile pt-style-7 header-left header-tablet-left header-mobile-center\"><h2 data-title=\"Customization and assembly\"  data-responsive-font=\"section_title\" data-responsive-font-settings=\"{&quot;base-font-size&quot;:&quot;global&quot;,&quot;font-size&quot;:{&quot;desktop_large&quot;:&quot;18&quot;},&quot;base-line-height&quot;:&quot;global&quot;,&quot;base-letter-spacing&quot;:&quot;global&quot;,&quot;letter-spacing&quot;:{&quot;desktop_large&quot;:&quot;0.1&quot;}}\" class=\"section-title  \"><span>Customization and assembly<\/span><\/h2><\/header><\/div>[vc_column_text css=&#8221;&#8221;]<\/p>\n<p style=\"text-align: justify;\">As a major element in the overall sound, the slide requires a comparative test between our creations and those offered by internationally renowned manufacturers (Bach, Courtois, to name but the best).<\/p>\n<p style=\"text-align: justify;\">Claudio Maragno, our Master Craftsman, will dedicate his expertise at your disposal to suggest the best possible option. We attach great importance to these bespoke creations, which are both a challenge and a real added value for our workshop. Claudio will suggest the optimal combinations of valve, slide, bell, mechanical parts, and tuning slide, for bass trombone and symphonic tenor alike.<\/p>\n<p style=\"text-align: justify;\">He will be available for you alone, because every musician is unique, and his perception will help guide the choice of the best suitable trombone, corresponding to the requirements of each instrumentalist.<\/p>\n<p>[\/vc_column_text][\/vc_column][\/vc_row][\/vc_section][vc_section content_placement=&#8221;middle&#8221; bklyn_overlay=&#8221;true&#8221; bklyn_overlay_pattern=&#8221;true&#8221; bklyn_overlay_pattern_style=&#8221;bklyn-style-two&#8221; background_position=&#8221;center center&#8221; css=&#8221;.vc_custom_1731511641450{padding-bottom: 0px !important;background-color: #000000 !important;}&#8221; bklyn_overlay_color=&#8221;rgba(0, 0, 0, 0.5)&#8221;][vc_row equal_height=&#8221;yes&#8221; content_placement=&#8221;middle&#8221;][vc_column width=&#8221;1\/2&#8243;]<div id=\"ut_oms_6a0934bce889a\" class=\"wpb_content_element \"><style type=\"text\/css\"> #ut_oms_6a0934bce889a .ut-gallery-slider-caption-wrap::before { content: \"\"; }<\/style><div class=\"ut-owl-gallery-slider-wrap ut-owl-gallery-slider-style-one\"><div id=\"ut_ms_6a0934bce8898\" class=\"ut-owl-gallery-slider owl-carousel owl-theme \" data-settings=\"{&quot;items&quot;:&quot;1&quot;,&quot;lazyLoad&quot;:true,&quot;smartSpeed&quot;:600,&quot;animateIn&quot;:false,&quot;animateOut&quot;:false,&quot;autoplay&quot;:false,&quot;autoplayHoverPause&quot;:true,&quot;autoplayTimeout&quot;:5000,&quot;loop&quot;:true,&quot;nav&quot;:false,&quot;dots&quot;:false,&quot;lightbox&quot;:&quot;no&quot;}\"><div><figure class=\"ut-gallery-slider-caption-wrap\"><img class=\"item owl-lazy\"  data-src=\"https:\/\/www.renehagmann.ch\/wp-content\/uploads\/2024\/11\/Jeu-de-3-Pavillons-basse-42-42G-detachable.png\" \/><\/figure><\/div><div><figure class=\"ut-gallery-slider-caption-wrap\"><img class=\"item owl-lazy\"  data-src=\"https:\/\/www.renehagmann.ch\/wp-content\/uploads\/2024\/11\/coulisse.png\" \/><\/figure><\/div><\/div><a href=\"#\" data-for=\"ut_ms_6a0934bce8898\" class=\"ut-prev-gallery-slide ut-single-slider-control\"><i class=\"Bklyn-Core-Left-2\"><\/i><\/a><a href=\"#\" data-for=\"ut_ms_6a0934bce8898\" class=\"ut-next-gallery-slide ut-single-slider-control\"><i class=\"Bklyn-Core-Right-2\"><\/i><\/a><\/div><\/div>[\/vc_column][vc_column width=&#8221;1\/2&#8243;]<div class=\"wpb_content_element \"><style type=\"text\/css\">#ut_header_6a0934bceb7e4 h2.section-title { font-size:18px !important;letter-spacing:0.1em; }<\/style><header id=\"ut_header_6a0934bceb7e4\" class=\"section-header  ut-no-title-linebreak-mobile ut-no-lead-linebreak-mobile pt-style-7 header-left header-tablet-left header-mobile-center\"><h2 data-title=\"Bells and slides\"  data-responsive-font=\"section_title\" data-responsive-font-settings=\"{&quot;base-font-size&quot;:&quot;global&quot;,&quot;font-size&quot;:{&quot;desktop_large&quot;:&quot;18&quot;},&quot;base-line-height&quot;:&quot;global&quot;,&quot;base-letter-spacing&quot;:&quot;global&quot;,&quot;letter-spacing&quot;:{&quot;desktop_large&quot;:&quot;0.1&quot;}}\" class=\"section-title  \"><span>Bells and slides<\/span><\/h2><\/header><\/div>[vc_column_text css=&#8221;&#8221; el_class=&#8221;blk_txt&#8221;]<\/p>\n<p style=\"text-align: justify;\">In our Geneva showroom, you&#8217;ll find a permanent selection of new instruments featuring our own design, mostly in the convertible \u201cVibrabell\u201d version. This exclusive system of detachable, floating-fastening bells has met an international success, and has been adopted by many professional artists and well-informed amateurs alike, because excellence knows no boundaries.<\/p>\n<p style=\"text-align: justify;\">We suggest you try out bells of several brands (Bach, Courtois, our own creations, etc.), different mechanical parts (wraps, 138,140, Dual Bore valves, choice of levers), as well as a choice of slides and tuning slides.<\/p>\n<p style=\"text-align: justify;\">We are privileged to benefit from the close collaboration of the trombone section of the Suisse Romande Orchestra, professors at the Geneva Haute Ecole de Musique, and various conservatories. All these artists, musicians and teachers enable us to make the appropriate choices. They are our advisors, our consultants and, of course, our friends (see ambassadors link).<\/p>\n<p>[\/vc_column_text][\/vc_column][\/vc_row][\/vc_section][vc_section content_placement=&#8221;middle&#8221; background_position=&#8221;center center&#8221; css=&#8221;.vc_custom_1731511672972{margin-bottom: 0px !important;padding-bottom: 0px !important;}&#8221;][vc_row equal_height=&#8221;yes&#8221; content_placement=&#8221;middle&#8221;][vc_column width=&#8221;1\/3&#8243;]<div id=\"ut_oms_6a0934bcec16b\" class=\"wpb_content_element \"><style type=\"text\/css\"> #ut_oms_6a0934bcec16b .ut-gallery-slider-caption-wrap::before { content: \"\"; }<\/style><div class=\"ut-owl-gallery-slider-wrap ut-owl-gallery-slider-style-one\"><div id=\"ut_ms_6a0934bcec169\" class=\"ut-owl-gallery-slider owl-carousel owl-theme \" data-settings=\"{&quot;items&quot;:&quot;1&quot;,&quot;lazyLoad&quot;:true,&quot;smartSpeed&quot;:600,&quot;animateIn&quot;:false,&quot;animateOut&quot;:false,&quot;autoplay&quot;:false,&quot;autoplayHoverPause&quot;:true,&quot;autoplayTimeout&quot;:5000,&quot;loop&quot;:true,&quot;nav&quot;:false,&quot;dots&quot;:false,&quot;lightbox&quot;:&quot;no&quot;}\"><div><figure class=\"ut-gallery-slider-caption-wrap\"><img class=\"item owl-lazy\"  data-src=\"https:\/\/www.renehagmann.ch\/wp-content\/uploads\/2024\/11\/Trombone-intro-alternative-avec-Coulisse-en-carbone-1.jpg\" \/><\/figure><\/div><div><figure class=\"ut-gallery-slider-caption-wrap\"><img class=\"item owl-lazy\"  data-src=\"https:\/\/www.renehagmann.ch\/wp-content\/uploads\/2024\/09\/Hagmann-Custom-Tenor-Large-Bore-Double-00-Anthracite-Detachable-Bell-2-1.png\" \/><\/figure><\/div><div><figure class=\"ut-gallery-slider-caption-wrap\"><img class=\"item owl-lazy\"  data-src=\"https:\/\/www.renehagmann.ch\/wp-content\/uploads\/2024\/09\/Hagmann-Custom-Tenor-Small-Bore-Open-Matt-Silver-2.png\" \/><\/figure><\/div><\/div><a href=\"#\" data-for=\"ut_ms_6a0934bcec169\" class=\"ut-prev-gallery-slide ut-single-slider-control\"><i class=\"Bklyn-Core-Left-2\"><\/i><\/a><a href=\"#\" data-for=\"ut_ms_6a0934bcec169\" class=\"ut-next-gallery-slide ut-single-slider-control\"><i class=\"Bklyn-Core-Right-2\"><\/i><\/a><\/div><\/div>[\/vc_column][vc_column width=&#8221;2\/3&#8243;]<div class=\"wpb_content_element \"><style type=\"text\/css\">#ut_header_6a0934bcf0d17 h2.section-title { font-size:18px !important;letter-spacing:0.1em; }<\/style><header id=\"ut_header_6a0934bcf0d17\" class=\"section-header  ut-no-title-linebreak-mobile ut-no-lead-linebreak-mobile pt-style-7 header-left header-tablet-left header-mobile-center\"><h2 data-title=\"Transforming your trombone \"  data-responsive-font=\"section_title\" data-responsive-font-settings=\"{&quot;base-font-size&quot;:&quot;global&quot;,&quot;font-size&quot;:{&quot;desktop_large&quot;:&quot;18&quot;},&quot;base-line-height&quot;:&quot;global&quot;,&quot;base-letter-spacing&quot;:&quot;global&quot;,&quot;letter-spacing&quot;:{&quot;desktop_large&quot;:&quot;0.1&quot;}}\" class=\"section-title  \"><span>Transforming your trombone <\/span><\/h2><\/header><\/div>[vc_column_text css=&#8221;&#8221;]<\/p>\n<p style=\"text-align: justify;\">Under the guidance of Ren\u00e9 Hagmann and Claudio Maragno, our Custom Shop transforms, improves, adapts, and restores trombones of all brands in an individualized way. Our wide variety of valve models, and our different levers and wraps will enable you, thanks to our expertise, to get the best.<\/p>\n<p style=\"text-align: justify;\">We are also available for other services: maintenance, repair, restoration, varnishing with various finishes, plating, ergonomic and acoustic modifications, adaptation of other bells, or even extension to Eb. Our workshop also offers a wide selection of accessories: hand rests, levers, resonance rings, mouthpieces, mutes, cases, covers and more.<\/p>\n<p>[\/vc_column_text][\/vc_column][\/vc_row][vc_row css=&#8221;.vc_custom_1726673134919{margin-bottom: 0px !important;padding-bottom: 10px !important;background-color: #afa46e !important;}&#8221;][vc_column][vc_column_text css=&#8221;&#8221;]<\/p>\n<h4 style=\"text-align: center;\">We remain at your disposal for a quotation and advice!<\/h4>\n<p>[\/vc_column_text][vc_column_text css=&#8221;.vc_custom_1726673057598{margin-top: 0px !important;margin-bottom: 0px !important;padding-top: 10px !important;padding-bottom: 10px !important;}&#8221; el_class=&#8221;blk_txt&#8221;]<\/p>\n<p style=\"text-align: center;\"><strong>CONTACT<\/strong><\/p>\n<p>[\/vc_column_text][vc_column_text css=&#8221;&#8221;]<\/p>\n<p style=\"text-align: center;\"><strong>SERVETTE-MUSIC SA\u00a0\u2014 <\/strong>Rue de la Servette 92 \u2014 CH-1202 GENEVE<br \/>\n<strong>Phone :<\/strong> +41(0)22 733 70 73 | <strong>E-mail\u202f:<\/strong><a style=\"color: #000;\" href=\"mailto:info@servette-music.ch\"> info@servette-music.ch<\/a><\/p>\n<p>[\/vc_column_text][\/vc_column][\/vc_row][\/vc_section][vc_section disable_element=&#8221;yes&#8221; css=&#8221;.vc_custom_1731511596541{margin-top: 0px !important;margin-bottom: 40px !important;padding-top: 0px !important;}&#8221;][vc_row css=&#8221;.vc_custom_1731005301095{margin-top: 0px !important;padding-top: 20px !important;}&#8221;][vc_column]<div class=\"wpb_content_element \"><style type=\"text\/css\">#ut_header_6a0934bcf1c17 h2.section-title { font-size:18px !important;letter-spacing:0.1em; }<\/style><header id=\"ut_header_6a0934bcf1c17\" class=\"section-header  ut-no-title-linebreak-mobile ut-no-lead-linebreak-mobile pt-style-7 header-center header-tablet-center header-mobile-center\"><h2 data-title=\"Quelques exemples de travaux ex\u00e9cut\u00e9s par notre atelier\"  data-responsive-font=\"section_title\" data-responsive-font-settings=\"{&quot;base-font-size&quot;:&quot;global&quot;,&quot;font-size&quot;:{&quot;desktop_large&quot;:&quot;18&quot;},&quot;base-line-height&quot;:&quot;global&quot;,&quot;base-letter-spacing&quot;:&quot;global&quot;,&quot;letter-spacing&quot;:{&quot;desktop_large&quot;:&quot;0.1&quot;}}\" class=\"section-title  \"><span>Quelques exemples de travaux ex\u00e9cut\u00e9s par notre atelier<\/span><\/h2><\/header><\/div>[\/vc_column][\/vc_row][vc_row][vc_column width=&#8221;1\/2&#8243;][vc_column_text css=&#8221;&#8221; el_class=&#8221;list_option&#8221;]Trombone basse Bach 50B3L<\/p>\n<p>Levier ajustable C30B<\/p>\n<p>Levier C31 et barrette de pavillon en S<\/p>\n<p>Trombone T\u00e9nor Vincent Bach Stradivarius 42A Vibrabell, finition satin\u00e9e custom<\/p>\n<p>Notre syst\u00e8me &#8220;vibrabell&#8221; convertible<\/p>\n<p>Tb CONN 88H Vintage, transform\u00e9, avec circuit OO<\/p>\n<p>Tb V Bach 42B Vibrabell de Andrea Bandini[\/vc_column_text][\/vc_column][vc_column width=&#8221;1\/2&#8243;][vc_column_text css=&#8221;&#8221; el_class=&#8221;list_option&#8221;]Tb V Bach 42B avec circuit special en S<\/p>\n<p>Cimbasso de la maison \u00ab HAAG \u00bb \u00e0 Kreuzlingen (qui a employ\u00e9 Claudio avant qu\u2019il rejoigne notre \u00e9quipe), avec 5 cylindres Free Flow<\/p>\n<p>Tb Basse Vintage CONN 62H de M. Erik Van Lier, syst\u00e8me d\u00e9pendant \u00e0 perce progressive<\/p>\n<p>Trombone basse avec cylindres ind\u00e9pendants, \u00e0 perce progressive<\/p>\n<p>M\u00e9canique \u00e0 deux cylindres ind\u00e9pendants pour trombone basse, fixation Vibrabell<\/p>\n<p>Trombone basse avec circuits sp\u00e9ciaux[\/vc_column_text][\/vc_column][\/vc_row][\/vc_section]<\/p>\n<\/div>","protected":false},"excerpt":{"rendered":"<p>[vc_section full_width=&#8221;stretch_row_content&#8221; content_placement=&#8221;middle&#8221; bklyn_overlay=&#8221;true&#8221; bklyn_overlay_pattern=&#8221;true&#8221; bklyn_overlay_pattern_style=&#8221;bklyn-style-two&#8221; parallax=&#8221;content-moving&#8221; background_position=&#8221;center center&#8221; css=&#8221;.vc_custom_1722357098879{background: #000000 url(https:\/\/www.renehagmann.ch\/wp-content\/uploads\/2024\/07\/img-title-ondes-music.jpg?id=45) !important;}&#8221; bklyn_overlay_color=&#8221;rgba(0, 0, 0, 0.5)&#8221;][vc_row][vc_column][\/vc_column][\/vc_row][\/vc_section][vc_section content_placement=&#8221;middle&#8221; parallax=&#8221;content-moving&#8221; parallax_threshold=&#8221;-30&#8243; background_position=&#8221;left center&#8221; hide_bg_tablet=&#8221;true&#8221; hide_bg_mobile=&#8221;true&#8221; css=&#8221;.vc_custom_1726507329114{background-position: center !important;background-repeat: no-repeat !important;background-size: contain !important;}&#8221;][vc_row equal_height=&#8221;yes&#8221; content_placement=&#8221;middle&#8221;][vc_column width=&#8221;1\/3&#8243;][\/vc_column][vc_column width=&#8221;2\/3&#8243;][vc_column_text css=&#8221;&#8221;] As a major element in the overall sound, the slide requires a comparative test between our creations and those [&hellip;]<\/p>\n","protected":false},"author":1,"featured_media":0,"parent":0,"menu_order":0,"comment_status":"closed","ping_status":"closed","template":"","meta":{"_seopress_robots_primary_cat":"","_seopress_titles_title":"","_seopress_titles_desc":"","_seopress_robots_index":"","footnotes":""},"class_list":["post-762","page","type-page","status-publish","hentry"],"_links":{"self":[{"href":"https:\/\/www.renehagmann.ch\/en\/wp-json\/wp\/v2\/pages\/762","targetHints":{"allow":["GET"]}}],"collection":[{"href":"https:\/\/www.renehagmann.ch\/en\/wp-json\/wp\/v2\/pages"}],"about":[{"href":"https:\/\/www.renehagmann.ch\/en\/wp-json\/wp\/v2\/types\/page"}],"author":[{"embeddable":true,"href":"https:\/\/www.renehagmann.ch\/en\/wp-json\/wp\/v2\/users\/1"}],"replies":[{"embeddable":true,"href":"https:\/\/www.renehagmann.ch\/en\/wp-json\/wp\/v2\/comments?post=762"}],"version-history":[{"count":2,"href":"https:\/\/www.renehagmann.ch\/en\/wp-json\/wp\/v2\/pages\/762\/revisions"}],"predecessor-version":[{"id":765,"href":"https:\/\/www.renehagmann.ch\/en\/wp-json\/wp\/v2\/pages\/762\/revisions\/765"}],"wp:attachment":[{"href":"https:\/\/www.renehagmann.ch\/en\/wp-json\/wp\/v2\/media?parent=762"}],"curies":[{"name":"wp","href":"https:\/\/api.w.org\/{rel}","templated":true}]}}